{"id":235,"date":"2025-08-10T21:34:14","date_gmt":"2025-08-10T21:34:14","guid":{"rendered":"http:\/\/dermacab.net\/?page_id=235"},"modified":"2025-08-10T21:34:15","modified_gmt":"2025-08-10T21:34:15","slug":"esthetique","status":"publish","type":"page","link":"https:\/\/dermacab.net\/index.php\/esthetique\/","title":{"rendered":"Esth\u00e9tique"},"content":{"rendered":"\n<p>tous nos actes esth\u00e9tiques sont pr\u00e9sent\u00e9s ici<\/p>\n","protected":false},"excerpt":{"rendered":"<p>tous nos actes esth\u00e9tiques sont pr\u00e9sent\u00e9s ici<\/p>\n","protected":false},"author":1,"featured_media":0,"parent":0,"menu_order":0,"comment_status":"closed","ping_status":"closed","template":"","meta":{"footnotes":""},"class_list":["post-235","page","type-page","status-publish","hentry"],"_links":{"self":[{"href":"https:\/\/dermacab.net\/index.php\/wp-json\/wp\/v2\/pages\/235","targetHints":{"allow":["GET"]}}],"collection":[{"href":"https:\/\/dermacab.net\/index.php\/wp-json\/wp\/v2\/pages"}],"about":[{"href":"https:\/\/dermacab.net\/index.php\/wp-json\/wp\/v2\/types\/page"}],"author":[{"embeddable":true,"href":"https:\/\/dermacab.net\/index.php\/wp-json\/wp\/v2\/users\/1"}],"replies":[{"embeddable":true,"href":"https:\/\/dermacab.net\/index.php\/wp-json\/wp\/v2\/comments?post=235"}],"version-history":[{"count":1,"href":"https:\/\/dermacab.net\/index.php\/wp-json\/wp\/v2\/pages\/235\/revisions"}],"predecessor-version":[{"id":236,"href":"https:\/\/dermacab.net\/index.php\/wp-json\/wp\/v2\/pages\/235\/revisions\/236"}],"wp:attachment":[{"href":"https:\/\/dermacab.net\/index.php\/wp-json\/wp\/v2\/media?parent=235"}],"curies":[{"name":"wp","href":"https:\/\/api.w.org\/{rel}","templated":true}]}}